{"id":1973,"date":"2022-11-28T17:54:15","date_gmt":"2022-11-28T16:54:15","guid":{"rendered":"https:\/\/ecreative.x-tra.it\/micheletto\/?page_id=1973"},"modified":"2023-04-28T20:06:37","modified_gmt":"2023-04-28T18:06:37","slug":"produzione","status":"publish","type":"page","link":"https:\/\/staging-sync.x-tra.it\/it\/produzione\/","title":{"rendered":"Produzione"},"content":{"rendered":"<div class=\"wpb-content-wrapper\"><p>[vc_row full_width=&#8221;stretch_row_content_no_spaces&#8221;][vc_column][vc_single_image image=&#8221;1974&#8243; img_size=&#8221;full&#8221; alignment=&#8221;center&#8221;][\/vc_column][\/vc_row][vc_row][vc_column][vc_column_text]<\/p>\n<h1 class=\"lower-2_6 ep-mid-title split\" style=\"text-align: center;\">Produzione<\/h1>\n<p>[\/vc_column_text][\/vc_column][\/vc_row][vc_row][vc_column width=&#8221;1\/2&#8243;][vc_single_image image=&#8221;1978&#8243; img_size=&#8221;full&#8221; alignment=&#8221;center&#8221;][\/vc_column][vc_column width=&#8221;1\/2&#8243;][vc_column_text]<\/p>\n<article class=\"bx-manufacturing\">Le installazioni innovative e le tecnologie pi\u00f9 avanzate convivono con lo spirito dei valori ereditati dalla bottega artigiana orafa. La qualit\u00e0 superiore dei metalli preziosi, la finitura perfetta e l&#8217;originalit\u00e0 di ogni pezzo, mostrano orgogliosamente il frutto di un lavoro fedele alla tradizione, rappresentando con elevata cura il talento e la bravura dei nostri maestri orafi.<\/article>\n<article class=\"bx-manufacturing\"><\/article>\n<p>[\/vc_column_text][\/vc_column][\/vc_row][vc_row][vc_column width=&#8221;1\/2&#8243;][vc_column_text]<\/p>\n<article class=\"bx-manufacturing\">\n<div class=\"detail_rows\">\n<section class=\"screen list-manufacturing margin-bottom\">\n<div class=\"container\">\n<div class=\"row\">\n<div class=\"col-xl-10 offset-xl-1 col-lg-10 offset-lg-1 col-md-10 offset-md-1 col-sm-12 col-12 container-manufacturing\">\n<article class=\"bx-manufacturing\">\n<p style=\"text-align: right;\">Nella scuola di famiglia hanno appreso le nozioni che li rendono abili nella realizzazione di gioielli con infinita cura, abilit\u00e0 e precisione, rappresentando il miglior design italiano in tutto il mondo.<\/p>\n<\/article>\n<\/div>\n<\/div>\n<\/div>\n<\/section>\n<\/div>\n<section class=\"sceen share\">\n<div class=\"container\">\n<div class=\"row\">\n<div class=\"col-xl-12 container-share\">\n<div class=\"newsletter\" style=\"text-align: right;\"><\/div>\n<\/div>\n<\/div>\n<\/div>\n<\/section>\n<\/article>\n<article class=\"bx-manufacturing\"><\/article>\n<p>[\/vc_column_text][\/vc_column][vc_column width=&#8221;1\/2&#8243;][vc_single_image image=&#8221;1979&#8243; img_size=&#8221;full&#8221; alignment=&#8221;center&#8221;][\/vc_column][\/vc_row]<\/p>\n<\/div>","protected":false},"excerpt":{"rendered":"<p>[vc_row full_width=&#8221;stretch_row_content_no_spaces&#8221;][vc_column][vc_single_image image=&#8221;1974&#8243; img_size=&#8221;full&#8221; alignment=&#8221;center&#8221;][\/vc_column][\/vc_row][vc_row][vc_column][vc_column_text] Produzione [\/vc_column_text][\/vc_column][\/vc_row][vc_row][vc_column width=&#8221;1\/2&#8243;][vc_single_image image=&#8221;1978&#8243; img_size=&#8221;full&#8221; alignment=&#8221;center&#8221;][\/vc_column][vc_column width=&#8221;1\/2&#8243;][vc_column_text] Le installazioni innovative e le tecnologie pi\u00f9 avanzate convivono con lo spirito dei valori ereditati dalla bottega artigiana orafa. La qualit\u00e0 superiore dei metalli preziosi, la finitura perfetta e l&#8217;originalit\u00e0 di ogni pezzo, mostrano orgogliosamente il frutto di un lavoro fedele alla tradizione, &hellip;<\/p>\n<p class=\"read-more\"> <a class=\"\" href=\"https:\/\/staging-sync.x-tra.it\/it\/produzione\/\"> <span class=\"screen-reader-text\">Produzione<\/span> Leggi altro &raquo;<\/a><\/p>\n","protected":false},"author":1,"featured_media":0,"parent":0,"menu_order":0,"comment_status":"closed","ping_status":"closed","template":"","meta":{"_acf_changed":false,"site-sidebar-layout":"no-sidebar","site-content-layout":"plain-container","ast-global-header-display":"","ast-main-header-display":"","ast-hfb-above-header-display":"","ast-hfb-below-header-display":"","ast-hfb-mobile-header-display":"","site-post-title":"disabled","ast-breadcrumbs-content":"","ast-featured-img":"disabled","footer-sml-layout":"","theme-transparent-header-meta":"default","adv-header-id-meta":"","stick-header-meta":"","header-above-stick-meta":"","header-main-stick-meta":"","header-below-stick-meta":"","footnotes":""},"class_list":["post-1973","page","type-page","status-publish","hentry"],"acf":[],"_links":{"self":[{"href":"https:\/\/staging-sync.x-tra.it\/it\/wp-json\/wp\/v2\/pages\/1973","targetHints":{"allow":["GET"]}}],"collection":[{"href":"https:\/\/staging-sync.x-tra.it\/it\/wp-json\/wp\/v2\/pages"}],"about":[{"href":"https:\/\/staging-sync.x-tra.it\/it\/wp-json\/wp\/v2\/types\/page"}],"author":[{"embeddable":true,"href":"https:\/\/staging-sync.x-tra.it\/it\/wp-json\/wp\/v2\/users\/1"}],"replies":[{"embeddable":true,"href":"https:\/\/staging-sync.x-tra.it\/it\/wp-json\/wp\/v2\/comments?post=1973"}],"version-history":[{"count":11,"href":"https:\/\/staging-sync.x-tra.it\/it\/wp-json\/wp\/v2\/pages\/1973\/revisions"}],"predecessor-version":[{"id":11429,"href":"https:\/\/staging-sync.x-tra.it\/it\/wp-json\/wp\/v2\/pages\/1973\/revisions\/11429"}],"wp:attachment":[{"href":"https:\/\/staging-sync.x-tra.it\/it\/wp-json\/wp\/v2\/media?parent=1973"}],"curies":[{"name":"wp","href":"https:\/\/api.w.org\/{rel}","templated":true}]}}